{"id":265,"date":"2024-12-27T11:04:23","date_gmt":"2024-12-27T11:04:23","guid":{"rendered":"https:\/\/npsoundspektakel.de\/?page_id=265"},"modified":"2024-12-27T14:50:24","modified_gmt":"2024-12-27T14:50:24","slug":"ueber-uns","status":"publish","type":"page","link":"https:\/\/npsoundspektakel.de\/?page_id=265","title":{"rendered":"\u00dcber uns"},"content":{"rendered":"\n<h2 class=\"wp-block-heading\"><strong>\u00dcber uns<\/strong><\/h2>\n\n\n\n<h3 class=\"wp-block-heading has-text-align-center\">Willkommen bei NP SoundSpektakel!<\/h3>\n\n\n\n<p>Seit April 2024 setzen wir uns daf\u00fcr ein, Veranstaltungen durch erstklassige Musik und faszinierende Lichteffekte zu bereichern. Unser Engagement f\u00fcr jede Veranstaltung und unser zuvorkommender Kundenservice macht jede Feier einzigartig.<\/p>\n\n\n\n<h3 class=\"wp-block-heading\">Wer wir sind<\/h3>\n\n\n\n<p>Wir sind Nico Scheuer und Philipp R\u00f6ther, die Gr\u00fcnder von NP SoundSpektakel.<\/p>\n\n\n\n<ul class=\"wp-block-list\">\n<li><strong>Nico Scheuer<\/strong> \u2013 Technikexperte und DJ. Mit technischem Know-how und musikalischem Talent schafft er ein beeindruckendes Klangerlebnis und die passende Atmosph\u00e4re.<\/li>\n\n\n\n<li><strong>Philipp R\u00f6ther<\/strong> \u2013 Verantwortlich f\u00fcr Planung, Marketing und Kundenkommunikation. Mit strukturiertem Management und kreativen Ideen sorgt er f\u00fcr einen reibungslosen Ablauf.<\/li>\n<\/ul>\n\n\n\n<h3 class=\"wp-block-heading\">Was uns ausmacht<\/h3>\n\n\n\n<p>Durch unsere individuelle Betreuung k\u00f6nnen wir Ihre W\u00fcnsche bestm\u00f6glich integrieren. Wir bringen das n\u00f6tige Engagement mit, um stets mit Herzblut bei jeder Veranstaltung mitzuwirken. Flexibilit\u00e4t? Das ist genau unser Fall.<\/p>\n\n\n\n<h3 class=\"wp-block-heading\">Unser Ziel<\/h3>\n\n\n\n<p>Egal, ob Geburtstage, Jubil\u00e4en, Hochzeiten oder Firmenevents \u2013 wir kombinieren Klang und Licht um Ihren W\u00fcnschen gerecht zu werden und die Veranstaltungen unvergesslich f\u00fcr unsere Kunden zu gestalten. Wir setzen auf pers\u00f6nliche Betreuung, um genau die Atmosph\u00e4re zu schaffen, die Sie sich w\u00fcnschen. Von der ersten Beratung bis zum letzten Ton sorgen wir daf\u00fcr, dass jedes Detail stimmt. Ob atemberaubende Lichteffekte, glasklarer Sound oder ein reibungsloser Ablauf \u2013 wir arbeiten mit Leidenschaft und Pr\u00e4zision, um jede Feier zu einem Highlight zu machen. Zufriedenheit steht f\u00fcr uns an erster Stelle, denn Ihre Begeisterung ist unser gr\u00f6\u00dfter Erfolg.<\/p>\n\n\n\n<div style=\"height:50px\" aria-hidden=\"true\" class=\"wp-block-spacer\"><\/div>\n\n\n\n<h3 class=\"wp-block-heading has-text-align-center\"><strong>Kontaktieren Sie uns<\/strong><\/h3>\n\n\n\n<p class=\"has-text-align-center\"><strong>Ihr Team von NP SoundSpektakel<\/strong><\/p>\n","protected":false},"excerpt":{"rendered":"<p>\u00dcber uns Willkommen bei NP SoundSpektakel! Seit April 2024 setzen wir uns daf\u00fcr ein, Veranstaltungen durch erstklassige Musik und faszinierende Lichteffekte zu bereichern. Unser Engagement f\u00fcr jede Veranstaltung und unser zuvorkommender Kundenservice macht jede Feier einzigartig. Wer wir sind Wir sind Nico Scheuer und Philipp R\u00f6ther, die Gr\u00fcnder von NP SoundSpektakel. Was uns ausmacht Durch [&hellip;]<\/p>\n","protected":false},"author":2,"featured_media":0,"parent":0,"menu_order":0,"comment_status":"closed","ping_status":"closed","template":"","meta":{"footnotes":""},"class_list":["post-265","page","type-page","status-publish","hentry"],"_links":{"self":[{"href":"https:\/\/npsoundspektakel.de\/index.php?rest_route=\/wp\/v2\/pages\/265","targetHints":{"allow":["GET"]}}],"collection":[{"href":"https:\/\/npsoundspektakel.de\/index.php?rest_route=\/wp\/v2\/pages"}],"about":[{"href":"https:\/\/npsoundspektakel.de\/index.php?rest_route=\/wp\/v2\/types\/page"}],"author":[{"embeddable":true,"href":"https:\/\/npsoundspektakel.de\/index.php?rest_route=\/wp\/v2\/users\/2"}],"replies":[{"embeddable":true,"href":"https:\/\/npsoundspektakel.de\/index.php?rest_route=%2Fwp%2Fv2%2Fcomments&post=265"}],"version-history":[{"count":4,"href":"https:\/\/npsoundspektakel.de\/index.php?rest_route=\/wp\/v2\/pages\/265\/revisions"}],"predecessor-version":[{"id":289,"href":"https:\/\/npsoundspektakel.de\/index.php?rest_route=\/wp\/v2\/pages\/265\/revisions\/289"}],"wp:attachment":[{"href":"https:\/\/npsoundspektakel.de\/index.php?rest_route=%2Fwp%2Fv2%2Fmedia&parent=265"}],"curies":[{"name":"wp","href":"https:\/\/api.w.org\/{rel}","templated":true}]}}